{"id":15764,"date":"2012-05-01T16:08:26","date_gmt":"2012-05-01T16:08:26","guid":{"rendered":"https:\/\/www.ignaciofortun.com\/biografia\/"},"modified":"2017-08-25T08:10:38","modified_gmt":"2017-08-25T08:10:38","slug":"biography","status":"publish","type":"page","link":"https:\/\/www.ignaciofortun.com\/en\/biography\/","title":{"rendered":"Biography"},"content":{"rendered":"<div class=\"wpb-content-wrapper\"><p>[vc_row row_type=&#8221;row&#8221; use_row_as_full_screen_section=&#8221;no&#8221; type=&#8221;full_width&#8221; angled_section=&#8221;no&#8221; text_align=&#8221;left&#8221; background_image_as_pattern=&#8221;without_pattern&#8221; css_animation=&#8221;&#8221;][vc_column width=&#8221;2\/3&#8243;][vc_column_text]<\/p>\n<h4>Ignacio Fort\u00fan Garc\u00e9s del Garro<\/h4>\n<h6>Zaragoza 1959<\/h6>\n<p>&nbsp;<\/p>\n<p>Ignacio Fort\u00fan \u2013Artist from Zaragoza with an artistic career of more than 30 years, from the start linked to figurative art. Landscapes of light and metal.<\/p>\n<p>&nbsp;<\/p>\n<p>The first steps of this self-taught artist are related to figuration, through works of apparent ingenuousness and \u2013 beneath the surface \u2013 of criticism and irony. With these works he has his first exhibition in Madrid in 1986 at the Ovido gallery, an important gallery in the artistic movement \u201cla Movida Madrile\u00f1a\u201d.<\/p>\n<p>&nbsp;<\/p>\n<p>Around 1988 with \u201cLimit Landscape\u201d the artist leaves all anecdotic reference behind and throws himself into the contemplated landscape, eager to invoke an emotional reality beyond realism. Under this name the paintings were exhibited in the Madrid gallery Sen. This was the start of a long-term professional relation with the gallery.<\/p>\n<p>&nbsp;<\/p>\n<p>Having received a grant from the Fundacion Banesto In 1992 grants the artist deepens his treatment of landscapes reducing the chromatic range, obtaining devastated, burned landscapes. He exhibits in Arco and in the Madrid gallery Sen under the title Ceniza H\u00fameda (Humid Ash). The burned landscape leads him to the desert. He mixes images of the Monegros and Almer\u00eda with the deserts of Africa. Light and empty space of two landscapes, at the same time nearby and distant. He exhibits in the Barcelona Senda gallery in 1994.&nbsp;<\/p>\n<p>&nbsp;<\/p>\n<p>As a result of this work the Spanish Embassy in Indonesia proposes him for a grant in 1996. For three months he paints the rice fields and the woods of Bali.<\/p>\n<p>&nbsp;<\/p>\n<p>In 1997, Fort\u00fan publishes together with the Sen Gallery the author\u2019s edition \u201cEl verano en una esquina\u201d (\u201cthe summer at a corner\u201d). With this book he discovers both the area where he paints and himself in a process of transformation leading him decisively to the urban landscape and to the investigation into the use of zinc as a pictorial instrument: material and reflected light turn into crucial decisive elements of expression in his work. Barrio y Jardin del obrero (Area and The worker\u2019s garden ( 2000- 2006).<\/p>\n<p>&nbsp;<\/p>\n<p>The frequent bus trips to Madrid, the obligatory stops at Esteras de Medinaceli and the cheap guesthouses turn into suggestive scenes for the reappearance of the human figure in his new work. Transito (Transition). He exhibits parts of this work in Zaragoza at the Palacio de la Aljafer\u00eda (Miradas sobre la ciudad (Views of the city), 2006). A larger exhibition is organised in the gallery Pepe Reballo (2007).&nbsp;<\/p>\n<p>&nbsp;<\/p>\n<p>As a result of experiments with light, Fort\u00fan realized various art installations and art productions outside the traditional exhibition places. Two short movies of the film director Domingo Moreno result from this reinterpretation of his work: Jardin del obrero. Pintar con la luz (Paint with the light) (2003) and Vislumbre (Appearance) (2006).<\/p>\n<p>&nbsp;<\/p>\n<p>In the summer of 2008 he presents the edition of three serigraphs on aluminium in the gallery A del Arte, and he participates with three other painters in \u201cRetratas de Ciudad\u201d (City portraits), Sala Luz\u00e1n, Zaragoza.<\/p>\n<p>&nbsp;<\/p>\n<p>The exhibition \u201cEl cuadro mudable\u201d (the movable artwork&nbsp;) at the Centro Cultural Ibercaja (Huesca, 2010), allows one to discover his work once again in the context of a scenographical treatment of the light in the exhibition space.<\/p>\n<p>&nbsp;<\/p>\n<p>With the series Rural Necesario (necessity of rural life) , Gallery A del Arte, Zaragoza (2011), the artist focuses on the rural environment in a process of reconciliation with the common and the unnoticed&nbsp;&nbsp; landscape.[\/vc_column_text][\/vc_column][vc_column width=&#8221;1\/3&#8243;][vc_row_inner row_type=&#8221;row&#8221; type=&#8221;full_width&#8221; text_align=&#8221;left&#8221; css_animation=&#8221;&#8221;][vc_column_inner][vc_single_image image=&#8221;205&#8243; img_size=&#8221;full&#8221; style=&#8221;vc_box_rounded&#8221; qode_css_animation=&#8221;&#8221;][\/vc_column_inner][\/vc_row_inner][vc_separator type=&#8221;normal&#8221; color=&#8221;grey&#8221;][vc_row_inner row_type=&#8221;row&#8221; type=&#8221;full_width&#8221; text_align=&#8221;left&#8221; css_animation=&#8221;&#8221;][vc_column_inner][vc_single_image image=&#8221;200&#8243; img_size=&#8221;full&#8221; style=&#8221;vc_box_rounded&#8221; qode_css_animation=&#8221;&#8221;][\/vc_column_inner][\/vc_row_inner][vc_separator type=&#8221;normal&#8221; color=&#8221;grey&#8221;][vc_row_inner row_type=&#8221;row&#8221; type=&#8221;full_width&#8221; text_align=&#8221;left&#8221; css_animation=&#8221;&#8221;][vc_column_inner][vc_single_image image=&#8221;79&#8243; img_size=&#8221;full&#8221; style=&#8221;vc_box_rounded&#8221; qode_css_animation=&#8221;&#8221;][\/vc_column_inner][\/vc_row_inner][\/vc_column][\/vc_row][vc_row row_type=&#8221;row&#8221; use_row_as_full_screen_section=&#8221;no&#8221; type=&#8221;full_width&#8221; angled_section=&#8221;no&#8221; text_align=&#8221;left&#8221; background_image_as_pattern=&#8221;without_pattern&#8221; css_animation=&#8221;&#8221;][vc_column][vc_empty_space][\/vc_column][\/vc_row]<\/p>\n<\/div>","protected":false},"excerpt":{"rendered":"<p>[vc_row row_type=&#8221;row&#8221; use_row_as_full_screen_section=&#8221;no&#8221; type=&#8221;full_width&#8221; angled_section=&#8221;no&#8221; text_align=&#8221;left&#8221; background_image_as_pattern=&#8221;without_pattern&#8221; css_animation=&#8221;&#8221;][vc_column width=&#8221;2\/3&#8243;][vc_column_text] Ignacio Fort\u00fan Garc\u00e9s del Garro Zaragoza 1959 &nbsp; Ignacio Fort\u00fan \u2013Artist from Zaragoza with an artistic career of more than 30 years, from the start linked to figurative art. Landscapes of light and metal. &nbsp; The&#8230;<\/p>\n","protected":false},"author":1,"featured_media":0,"parent":0,"menu_order":0,"comment_status":"closed","ping_status":"closed","template":"","meta":{"ngg_post_thumbnail":0,"jetpack_post_was_ever_published":false,"footnotes":""},"class_list":["post-15764","page","type-page","status-publish","hentry"],"jetpack_sharing_enabled":true,"jetpack_shortlink":"https:\/\/wp.me\/P70MWZ-46g","jetpack-related-posts":[],"_links":{"self":[{"href":"https:\/\/www.ignaciofortun.com\/en\/wp-json\/wp\/v2\/pages\/15764","targetHints":{"allow":["GET"]}}],"collection":[{"href":"https:\/\/www.ignaciofortun.com\/en\/wp-json\/wp\/v2\/pages"}],"about":[{"href":"https:\/\/www.ignaciofortun.com\/en\/wp-json\/wp\/v2\/types\/page"}],"author":[{"embeddable":true,"href":"https:\/\/www.ignaciofortun.com\/en\/wp-json\/wp\/v2\/users\/1"}],"replies":[{"embeddable":true,"href":"https:\/\/www.ignaciofortun.com\/en\/wp-json\/wp\/v2\/comments?post=15764"}],"version-history":[{"count":4,"href":"https:\/\/www.ignaciofortun.com\/en\/wp-json\/wp\/v2\/pages\/15764\/revisions"}],"predecessor-version":[{"id":15768,"href":"https:\/\/www.ignaciofortun.com\/en\/wp-json\/wp\/v2\/pages\/15764\/revisions\/15768"}],"wp:attachment":[{"href":"https:\/\/www.ignaciofortun.com\/en\/wp-json\/wp\/v2\/media?parent=15764"}],"curies":[{"name":"wp","href":"https:\/\/api.w.org\/{rel}","templated":true}]}}