{"id":16008,"date":"2015-11-30T09:54:16","date_gmt":"2015-11-30T09:54:16","guid":{"rendered":"https:\/\/www.ignaciofortun.com\/producto\/transito-postal\/"},"modified":"2015-11-30T09:54:16","modified_gmt":"2015-11-30T09:54:16","slug":"transito-postal","status":"publish","type":"product","link":"https:\/\/www.ignaciofortun.com\/en\/producto\/transito-postal\/","title":{"rendered":"Tr\u00e1nsito"},"content":{"rendered":"<p>POSTALES DE ZINC es una edici\u00f3n limitada de obra gr\u00e1fica, que la componen<\/p>\n<p>obras del tama\u00f1o de una postal,\u00a0los t\u00edtulos de estas peque\u00f1as obras son a su vez \u00a0el recuerdo de\u00a0 algunas de las series pict\u00f3ricas en las que he trabajado hasta ahora.<\/p>\n<p>La t\u00e9cnica, de\u00a0 <span style=\"color: #3366ff;\"><a style=\"color: #3366ff;\" href=\"https:\/\/es.wikipedia.org\/wiki\/Serigraf%C3%ADa\" target=\"_blank\">estampaci\u00f3n serigr\u00e1fica<\/a><\/span> con tres tintas sobre plancha de zinc, \u00a0esta acompa\u00f1ada a su vez, de un tratamiento individualizado del metal y del color, con la intenci\u00f3n\u00a0 de otorgar a las postales unas cualidades expresivas cercanas a la obra pict\u00f3rica.<\/p>\n<p>Esta postal esta inspirada en la serie pict\u00f3rica <span style=\"color: #3366ff;\"><em><a style=\"color: #3366ff;\" href=\"https:\/\/www.ignaciofortun.com\/obra\/transito\/\" target=\"_blank\">Tr\u00e1nsito<\/a><\/em>\u00a0<\/span> (picar en el nombre para ver obra)<br \/>\n<strong>T\u00edtulo:<\/strong> TR\u00c1NSITO<br \/>\n<strong>Dimensiones:<\/strong> 11.5 x 16.5<br \/>\n<strong>A\u00f1o:<\/strong> 2014<br \/>\n<strong>Edici\u00f3n:<\/strong> 58 ejemplares<br \/>\n<span style=\"color: #3366ff;\"><strong><a style=\"color: #3366ff;\" href=\"\/postales-de-zinc-como-se-hizo\/\">Ver el proceso de creaci\u00f3n de las postales<\/a><\/strong><\/span><\/p>\n","protected":false},"excerpt":{"rendered":"<p>Serigraf\u00eda estampada a tres tintas sobre plancha de zinc. Manipulada individualmente con aplicaci\u00f3n de color.<br \/>\nNumerada y firmada en el soporte y la plancha<\/p>\n<p><strong>Titulo:<\/strong> TR\u00c1NSITO<\/p>\n<p><strong>Dimensiones:<\/strong> 11.5 x 16.5 cm<br \/>\n<strong>A\u00f1o:<\/strong>\u00a02014<br \/>\n<strong>Edici\u00f3n:<\/strong>\u00a058 ejemplares<\/p>\n","protected":false},"featured_media":16009,"template":"","meta":{"ngg_post_thumbnail":0,"jetpack_post_was_ever_published":false,"jetpack_publicize_message":"","jetpack_publicize_feature_enabled":true,"jetpack_social_post_already_shared":true,"jetpack_social_options":{"image_generator_settings":{"template":"highway","default_image_id":0,"font":"","enabled":false},"version":2}},"product_brand":[],"product_cat":[146],"product_tag":[],"class_list":{"0":"post-16008","1":"product","2":"type-product","3":"status-publish","4":"has-post-thumbnail","6":"product_cat-zinc-postcards","8":"first","9":"outofstock","10":"shipping-taxable","11":"purchasable","12":"product-type-simple"},"jetpack_publicize_connections":[],"jetpack_sharing_enabled":true,"jetpack-related-posts":[],"_links":{"self":[{"href":"https:\/\/www.ignaciofortun.com\/en\/wp-json\/wp\/v2\/product\/16008","targetHints":{"allow":["GET"]}}],"collection":[{"href":"https:\/\/www.ignaciofortun.com\/en\/wp-json\/wp\/v2\/product"}],"about":[{"href":"https:\/\/www.ignaciofortun.com\/en\/wp-json\/wp\/v2\/types\/product"}],"wp:featuredmedia":[{"embeddable":true,"href":"https:\/\/www.ignaciofortun.com\/en\/wp-json\/wp\/v2\/media\/16009"}],"wp:attachment":[{"href":"https:\/\/www.ignaciofortun.com\/en\/wp-json\/wp\/v2\/media?parent=16008"}],"wp:term":[{"taxonomy":"product_brand","embeddable":true,"href":"https:\/\/www.ignaciofortun.com\/en\/wp-json\/wp\/v2\/product_brand?post=16008"},{"taxonomy":"product_cat","embeddable":true,"href":"https:\/\/www.ignaciofortun.com\/en\/wp-json\/wp\/v2\/product_cat?post=16008"},{"taxonomy":"product_tag","embeddable":true,"href":"https:\/\/www.ignaciofortun.com\/en\/wp-json\/wp\/v2\/product_tag?post=16008"}],"curies":[{"name":"wp","href":"https:\/\/api.w.org\/{rel}","templated":true}]}}